{"id":3,"date":"2023-11-16T16:29:09","date_gmt":"2023-11-16T16:29:09","guid":{"rendered":"http:\/\/localhost\/if65\/?page_id=3"},"modified":"2023-12-18T11:30:23","modified_gmt":"2023-12-18T11:30:23","slug":"privacy-policy","status":"publish","type":"page","link":"https:\/\/www.rs-web.it\/index.php\/privacy-policy\/","title":{"rendered":"Privacy Policy"},"content":{"rendered":"<p><strong>INFORMAZIONI* SUL TRATTAMENTO DEI DATI PERSONALI ai sensi degli Artt. 13\/14 Reg. UE 2016\/679 e D- Lgs. 196\/03 \u201cRegolamento generale sulla protezione dei dati personali\u201d<\/strong><strong>\u00a0<\/strong><strong>\u00a0<\/strong><\/p>\n<p>Gentile utente,<br \/>\nLa societ\u00e0 <strong>R&amp;S<\/strong> <strong>s.r.l.<\/strong> con sede legale in Brescia Viale S. Eufemia 108\/F (P.I. 02829250980),\u00a0 in qualit\u00e0 di <strong>Titolare del trattamento<\/strong> \u00a0la informa ai sensi degli artt. 13\/14 Reg. UE 2016\/679 e del D. Lgs. 196\/03, che tratter\u00e0 i suoi dati personali nel rispetto delle disposizioni di legge.<\/p>\n<p>Secondo la normativa, il trattamento dei dati personali che la riguardano (dati di navigazione ed eventuali dati di contatto) sar\u00e0 improntato ai principi di correttezza, liceit\u00e0, trasparenza e tutela della riservatezza.<\/p>\n<p><strong>Finalit\u00e0 navigazione e riscontro<\/strong><\/p>\n<p>Le comunichiamo che i dati personali da Lei forniti o a Lei riferibili saranno trattati\u00a0 per la gestione della navigazione sul presente sito internet e\/o per esaudire Sue eventuali richieste di informazioni, nonch\u00e9 per assolvere ad eventuali obblighi di legge.<\/p>\n<p><strong>Base giuridica del trattamento<\/strong><\/p>\n<p>La base giuridica di questi\u00a0 trattamenti \u00e8 rappresentata dalla necessit\u00e0 di eseguire obblighi legali ai sensi dell\u2019Art. 6 comma 1 lett. c Reg. UE 2016\/679, o per la tutela di legittimi interessi del Titolare del Trattamento ai sensi dell\u2019Art. 6 comma 1 lett. F Reg. UE 2016\/679, o per svolgere adempimenti precontrattuali e\/o contrattuali ai sensi dell\u2019Art. 6 comma 1 lett. b del Reg. UE 2016\/679.<\/p>\n<p>La informiamo che il conferimento dei dati personali \u00e8 necessario per la gestione della navigazione sul sito o per riscontrare le Sue richieste, \u00a0qualora non fornisse i dati la navigazione risulterebbe non possibile.<\/p>\n<p><strong>Ulteriori specificazioni<\/strong><\/p>\n<p>I dati personali ex art. 4 comma 1\u00b0 Reg. UE 2016\/679 da Lei forniti o a Lei riferibili potranno essere trattati mediante strumenti cartacei, elettronici e\/o magnetici per il tempo necessario ad assolvere gli obblighi precontrattuali, contrattuali e\/o di legge, i dati non saranno gestiti con modalit\u00e0 totalmente automatizzate.<\/p>\n<p>I dati personali da Lei forniti o a Lei riferibili, non saranno oggetto di diffusione ma potranno essere comunicati o potranno\u00a0 venire a conoscenza di operatori appositamente formati facenti parte dell\u2019organico della societ\u00e0 R&amp;S s.r.l.\u00a0 e\/o di soggetti esterni che collaborano con la societ\u00e0 in qualit\u00e0 di responsabili o titolari del trattamento, quali a titolo meramente esemplificativo ma non esaustivo:<\/p>\n<ul>\n<li>Societ\u00e0, ditte e\/o liberi professionisti per l\u2019erogazione di servizi informatici;<\/li>\n<li>Societ\u00e0 appartenenti al gruppo IF65 (di cui fa parte la societ\u00e0 R&amp;S) per mere finalit\u00e0 gestionali\/amministrative.<\/li>\n<li>altri soggetti cui la comunicazione dovesse rendersi necessaria per il corretto e completo svolgimento del rapporto contrattuale e\/o\u00a0 per adempiere ad obblighi legislativi e\/o per perseguire le finalit\u00e0 specificate.<\/li>\n<\/ul>\n<p>Le comunichiamo che\u00a0 \u00e8 Suo diritto chiedere al Titolare del trattamento (R&amp;S S.r.l. ) l\u2019accesso ai Suoi dati personali, la rettifica, la cancellazione, la limitazione del trattamento, \u00e8 inoltre\u00a0 Suo diritto opporsi al trattamento dei dati personali ed esercitare il diritto alla portabilit\u00e0. I diritti di cui al presente capoverso potranno essere esercitati come previsto\u00a0 dagli artt.\u00a0 15,16,17,18,20,21 Reg. UE 2016\/679 che per Sua comodit\u00e0 riproduciamo in allegato alla presente informativa.<\/p>\n<p>E\u2019 inoltre Suo diritto proporre reclamo all\u2019autorit\u00e0 di controllo prevista dalla legge nazionale vigente, Garante per la protezione dei dati personali (<a href=\"http:\/\/www.garanteprivacy.it\">www.garanteprivacy.it<\/a>).<\/p>\n<p>Per ogni chiarimento e per esercitare i diritti di cui sopra potr\u00e0 rivolgersi liberamente alla societ\u00e0 Titolare del trattamento (<strong>R&amp;S s.r.l.<\/strong>) contattando l\u2019ufficio privacy della societ\u00e0, in Brescia Viale S. Eufemia 108\/F o telefonicamente al n. 030\/37691, o a mezzo e-mail all\u2019indirizzo <a href=\"mailto:privacy@rs-web.it\">privacy@rs-web.it<\/a><\/p>\n<p>Cordiali saluti.<\/p>\n<p><strong>\u00a0\u00a0\u00a0\u00a0\u00a0\u00a0\u00a0\u00a0\u00a0\u00a0\u00a0\u00a0\u00a0\u00a0\u00a0\u00a0\u00a0\u00a0\u00a0\u00a0\u00a0\u00a0\u00a0\u00a0\u00a0\u00a0\u00a0\u00a0\u00a0\u00a0 R&amp;S s.r.l.<\/strong><\/p>\n<p>*La presente informativa integra e completa elementi gi\u00e0 noti all\u2019interessato<\/p>\n<p>&nbsp;<\/p>\n<p><strong>ESTRATTO NORMATIVO DAL REGOLAMENTO UE 679\/2016<\/strong><\/p>\n<p><strong>Articolo 15 Diritto di accesso dell&#8217;interessato <\/strong>L&#8217;interessato ha il diritto di ottenere dal titolare del trattamento la conferma che sia o meno in corso un trattamento di dati personali che lo riguardano e in tal caso, di ottenere l&#8217;accesso ai dati personali e alle seguenti informazioni: a) le finalit\u00e0 del trattamento; b) le categorie di dati personali in questione; c) i destinatari o le categorie di destinatari a cui i dati personali sono stati o saranno comunicati, in particolare se destinatari di paesi terzi o organizzazioni internazionali; d) quando possibile, il periodo di conservazione dei dati personali previsto oppure, se non \u00e8 possibile, i criteri utilizzati per determinare tale periodo; e) l&#8217;esistenza del diritto dell&#8217;interessato di chiedere al titolare del trattamento la rettifica o la cancellazione dei dati personali o la limitazione del trattamento dei dati personali che lo riguardano o di opporsi al loro trattamento; f) il diritto di proporre reclamo a un&#8217;autorit\u00e0 di controllo; g) qualora i dati non siano raccolti presso l&#8217;interessato, tutte le informazioni disponibili sulla loro origine; h) l&#8217;esistenza di un processo decisionale automatizzato, compresa la profilazione di cui all&#8217;articolo 22, paragrafi 1 e 4, e, almeno in tali casi, informazioni significative sulla logica utilizzata, nonch\u00e9 l&#8217;importanza e le conseguenze previste di tale trattamento per l&#8217;interessato. 2. Qualora i dati personali siano trasferiti a un paese terzo o a un&#8217;organizzazione internazionale, l&#8217;interessato ha il diritto di essere informato dell&#8217;esistenza di garanzie adeguate ai sensi dell&#8217;articolo 46 relative al trasferimento. 3. Il titolare del trattamento fornisce una copia dei dati personali oggetto di trattamento. In caso di ulteriori copie richieste dall&#8217;interessato, il titolare del trattamento pu\u00f2 addebitare un contributo spese ragionevole basato sui costi amministrativi. Se l&#8217;interessato presenta la richiesta mediante mezzi elettronici, e salvo indicazione diversa dell&#8217;interessato, le informazioni sono fornite in un formato elettronico di uso comune. 4. Il diritto di ottenere una copia di cui al paragrafo 3 non deve ledere i diritti e le libert\u00e0 altrui.<\/p>\n<p><strong>Articolo 16 Diritto di rettifica <\/strong>L&#8217;interessato ha il diritto di ottenere dal titolare del trattamento la rettifica dei dati personali inesatti che lo riguardano senza ingiustificato ritardo. Tenuto conto delle finalit\u00e0 del trattamento, l&#8217;interessato ha il diritto di ottenere l&#8217;integrazione dei dati personali incompleti, anche fornendo una dichiarazione integrativa.<\/p>\n<p><strong>Articolo 17 Diritto alla cancellazione (\u00abdiritto all&#8217;oblio\u00bb) <\/strong>1. L&#8217;interessato ha il diritto di ottenere dal titolare del trattamento la cancellazione dei dati personali che lo riguardano senza ingiustificato ritardo e il titolare del trattamento ha l&#8217;obbligo di cancellare senza ingiustificato ritardo i dati personali, se sussiste uno dei motivi seguenti: a) i dati personali non sono pi\u00f9 necessari rispetto alle finalit\u00e0 per le quali sono stati raccolti o altrimenti trattati; 4.5.2016 IT Gazzetta ufficiale dell&#8217;Unione europea L 119\/43 b) l&#8217;interessato revoca il consenso su cui si basa il trattamento conformemente all&#8217;articolo 6, paragrafo 1, lettera a), o all&#8217;articolo 9, paragrafo 2, lettera a), e se non sussiste altro fondamento giuridico per il trattamento; c) l&#8217;interessato si oppone al trattamento ai sensi dell&#8217;articolo 21, paragrafo 1, e non sussiste alcun motivo legittimo prevalente per procedere al trattamento, oppure si oppone al trattamento ai sensi dell&#8217;articolo 21, paragrafo 2; d) i dati personali sono stati trattati illecitamente; e) i dati personali devono essere cancellati per adempiere un obbligo legale previsto dal diritto dell&#8217;Unione o dello Stato membro cui \u00e8 soggetto il titolare del trattamento; f) i dati personali sono stati raccolti relativamente all&#8217;offerta di servizi della societ\u00e0 dell&#8217;informazione di cui all&#8217;articolo 8, paragrafo 1. 2. Il titolare del trattamento, se ha reso pubblici dati personali ed \u00e8 obbligato, ai sensi del paragrafo 1, a cancellarli, tenendo conto della tecnologia disponibile e dei costi di attuazione adotta le misure ragionevoli, anche tecniche, per informare i titolari del trattamento che stanno trattando i dati personali della richiesta dell&#8217;interessato di cancellare qualsiasi link, copia o riproduzione dei suoi dati personali. 3. I paragrafi 1 e 2 non si applicano nella misura in cui il trattamento sia necessario: a) per l&#8217;esercizio del diritto alla libert\u00e0 di espressione e di informazione; b) per l&#8217;adempimento di un obbligo legale che richieda il trattamento previsto dal diritto dell&#8217;Unione o dello Stato membro cui \u00e8 soggetto il titolare del trattamento o per l&#8217;esecuzione di un compito svolto nel pubblico interesse oppure nell&#8217;esercizio di pubblici poteri di cui \u00e8 investito il titolare del trattamento; c) per motivi di interesse pubblico nel settore della sanit\u00e0 pubblica in conformit\u00e0 dell&#8217;articolo 9, paragrafo 2, lettere h) e i), e dell&#8217;articolo 9, paragrafo 3; d) a fini di archiviazione nel pubblico interesse, di ricerca scientifica o storica o a fini statistici conformemente all&#8217;articolo 89, paragrafo 1, nella misura in cui il diritto di cui al paragrafo 1 rischi di rendere impossibile o di pregiudicare gravemente il conseguimento degli obiettivi di tale trattamento; o e) per l&#8217;accertamento, l&#8217;esercizio o la difesa di un diritto in sede giudiziaria.<\/p>\n<p><strong>Articolo 18 Diritto di limitazione di trattamento <\/strong>1. L&#8217;interessato ha il diritto di ottenere dal titolare del trattamento la limitazione del trattamento quando ricorre una delle seguenti ipotesi: a) l&#8217;interessato contesta l&#8217;esattezza dei dati personali, per il periodo necessario al titolare del trattamento per verificare l&#8217;esattezza di tali dati personali; b) il trattamento \u00e8 illecito e l&#8217;interessato si oppone alla cancellazione dei dati personali e chiede invece che ne sia limitato l&#8217;utilizzo; c) bench\u00e9 il titolare del trattamento non ne abbia pi\u00f9 bisogno ai fini del trattamento, i dati personali sono necessari all&#8217;interessato per l&#8217;accertamento, l&#8217;esercizio o la difesa di un diritto in sede giudiziaria; d) l&#8217;interessato si \u00e8 opposto al trattamento ai sensi dell&#8217;articolo 21, paragrafo 1, in attesa della verifica in merito all&#8217;eventuale prevalenza dei motivi legittimi del titolare del trattamento rispetto a quelli dell&#8217;interessato. 2. Se il trattamento \u00e8 limitato a norma del paragrafo 1, tali dati personali sono trattati, salvo che per la conservazione, soltanto con il consenso dell&#8217;interessato o per l&#8217;accertamento, l&#8217;esercizio o la difesa di un diritto in sede giudiziaria oppure per tutelare i diritti di un&#8217;altra persona fisica o giuridica o per motivi di interesse pubblico rilevante dell&#8217;Unione o di uno Stato membro. L 119\/44 IT Gazzetta ufficiale dell&#8217;Unione europea 4.5.2016 3. L&#8217;interessato che ha ottenuto la limitazione del trattamento a norma del paragrafo 1 \u00e8 informato dal titolare del trattamento prima che detta limitazione sia revocata.<\/p>\n<p><strong>Articolo 20 Diritto alla portabilit\u00e0 dei dati <\/strong>1. L&#8217;interessato ha il diritto di ricevere in un formato strutturato, di uso comune e leggibile da dispositivo automatico i dati personali che lo riguardano forniti a un titolare del trattamento e ha il diritto di trasmettere tali dati a un altro titolare del trattamento senza impedimenti da parte del titolare del trattamento cui li ha forniti qualora: a) il trattamento si basi sul consenso ai sensi dell&#8217;articolo 6, paragrafo 1, lettera a), o dell&#8217;articolo 9, paragrafo 2, lettera a), o su un contratto ai sensi dell&#8217;articolo 6, paragrafo 1, lettera b); e b) il trattamento sia effettuato con mezzi automatizzati. 2. Nell&#8217;esercitare i propri diritti relativamente alla portabilit\u00e0 dei dati a norma del paragrafo 1, l&#8217;interessato ha il diritto di ottenere la trasmissione diretta dei dati personali da un titolare del trattamento all&#8217;altro, se tecnicamente fattibile. 3. L&#8217;esercizio del diritto di cui al paragrafo 1 del presente articolo lascia impregiudicato l&#8217;articolo 17. Tale diritto non si applica al trattamento necessario per l&#8217;esecuzione di un compito di interesse pubblico o connesso all&#8217;esercizio di pubblici poteri di cui \u00e8 investito il titolare del trattamento. 4. Il diritto di cui al paragrafo 1 non deve ledere i diritti e le libert\u00e0 altrui.<\/p>\n<p><strong>Articolo 21 Diritto di opposizione <\/strong>1. L&#8217;interessato ha il diritto di opporsi in qualsiasi momento, per motivi connessi alla sua situazione particolare, al trattamento dei dati personali che lo riguardano ai sensi dell&#8217;articolo 6, paragrafo 1, lettere e) o f), compresa la profilazione sulla base di tali disposizioni. Il titolare del trattamento si astiene dal trattare ulteriormente i dati personali salvo che egli dimostri l&#8217;esistenza di motivi legittimi cogenti per procedere al trattamento che prevalgono sugli interessi, sui diritti e sulle libert\u00e0 dell&#8217;interessato oppure per l&#8217;accertamento, l&#8217;esercizio o la difesa di un diritto in sede giudiziaria. 2. Qualora i dati personali siano trattati per finalit\u00e0 di marketing diretto, l&#8217;interessato ha il diritto di opporsi in qualsiasi momento al trattamento dei dati personali che lo riguardano effettuato per tali finalit\u00e0, compresa la profilazione nella misura in cui sia connessa a tale marketing diretto. 3. Qualora l&#8217;interessato si opponga al trattamento per finalit\u00e0 di marketing diretto, i dati personali non sono pi\u00f9 oggetto di trattamento per tali finalit\u00e0. 4.5.2016 IT Gazzetta ufficiale dell&#8217;Unione europea L 119\/45 4. Il diritto di cui ai paragrafi 1 e 2 \u00e8 esplicitamente portato all&#8217;attenzione dell&#8217;interessato ed \u00e8 presentato chiaramente e separatamente da qualsiasi altra informazione al pi\u00f9 tardi al momento della prima comunicazione con l&#8217;interessato. 5. Nel contesto dell&#8217;utilizzo di servizi della societ\u00e0 dell&#8217;informazione e fatta salva la direttiva 2002\/58\/CE, l&#8217;interessato pu\u00f2 esercitare il proprio diritto di opposizione con mezzi automatizzati che utilizzano specifiche tecniche. 6. Qualora i dati personali siano trattati a fini di ricerca scientifica o storica o a fini statistici a norma dell&#8217;articolo 89, paragrafo 1, l&#8217;interessato, per motivi connessi alla sua situazione particolare, ha il diritto di opporsi al trattamento di dati personali che lo riguarda, salvo se il trattamento \u00e8 necessario per l&#8217;esecuzione di un compito di interesse pubblico.<\/p>\n","protected":false},"excerpt":{"rendered":"<p>INFORMAZIONI* SUL TRATTAMENTO DEI DATI PERSONALI ai sensi degli Artt. 13\/14 Reg. UE 2016\/679 e D- Lgs. 196\/03 \u201cRegolamento generale sulla protezione dei dati personali\u201d\u00a0\u00a0 Gentile utente, La societ\u00e0 R&amp;S &#8230;<\/p>\n","protected":false},"author":1,"featured_media":0,"parent":0,"menu_order":0,"comment_status":"closed","ping_status":"closed","template":"","meta":{"footnotes":"","_links_to":"","_links_to_target":""},"class_list":["post-3","page","type-page","status-publish","hentry"],"rttpg_featured_image_url":null,"rttpg_author":{"display_name":"admin","author_link":"https:\/\/www.rs-web.it\/index.php\/author\/admin\/"},"rttpg_comment":0,"rttpg_category":null,"rttpg_excerpt":"INFORMAZIONI* SUL TRATTAMENTO DEI DATI PERSONALI ai sensi degli Artt. 13\/14 Reg. UE 2016\/679 e D- Lgs. 196\/03 \u201cRegolamento generale sulla protezione dei dati personali\u201d\u00a0\u00a0 Gentile utente, La societ\u00e0 R&amp;S ...","_links":{"self":[{"href":"https:\/\/www.rs-web.it\/index.php\/wp-json\/wp\/v2\/pages\/3","targetHints":{"allow":["GET"]}}],"collection":[{"href":"https:\/\/www.rs-web.it\/index.php\/wp-json\/wp\/v2\/pages"}],"about":[{"href":"https:\/\/www.rs-web.it\/index.php\/wp-json\/wp\/v2\/types\/page"}],"author":[{"embeddable":true,"href":"https:\/\/www.rs-web.it\/index.php\/wp-json\/wp\/v2\/users\/1"}],"replies":[{"embeddable":true,"href":"https:\/\/www.rs-web.it\/index.php\/wp-json\/wp\/v2\/comments?post=3"}],"version-history":[{"count":5,"href":"https:\/\/www.rs-web.it\/index.php\/wp-json\/wp\/v2\/pages\/3\/revisions"}],"predecessor-version":[{"id":2117,"href":"https:\/\/www.rs-web.it\/index.php\/wp-json\/wp\/v2\/pages\/3\/revisions\/2117"}],"wp:attachment":[{"href":"https:\/\/www.rs-web.it\/index.php\/wp-json\/wp\/v2\/media?parent=3"}],"curies":[{"name":"wp","href":"https:\/\/api.w.org\/{rel}","templated":true}]}}